{"id":48,"date":"2014-08-12T16:11:02","date_gmt":"2014-08-12T16:11:02","guid":{"rendered":"http:\/\/abel-grenac.hr\/?page_id=48"},"modified":"2022-02-21T20:33:23","modified_gmt":"2022-02-21T19:33:23","slug":"kontakt","status":"publish","type":"page","link":"https:\/\/abel-grenac.hr\/si\/kontakt\/","title":{"rendered":"Kontakt"},"content":{"rendered":"\n<p>Abel&amp;Grenac<br>odvjetni\u010dko dru\u0161tvo d.o.o.<br>Kralja Dr\u017eislava 4,<br>10000 Zagreb<br>Tel: +385 95 9014 082<br>e-mail: <a href=\"mailto:office@abel-grenac.hr\">office@abel-grenac.hr<\/a><br>www.abel-grenac.hr<\/p>\n","protected":false},"excerpt":{"rendered":"<p>Abel&amp;Grenacodvjetni\u010dko dru\u0161tvo d.o.o.Kralja Dr\u017eislava 4,10000 ZagrebTel: +385 95 9014 082e-mail: office@abel-grenac.hrwww.abel-grenac.hr<\/p>\n","protected":false},"author":1,"featured_media":0,"parent":0,"menu_order":60,"comment_status":"closed","ping_status":"closed","template":"","meta":{"inline_featured_image":false,"footnotes":""},"class_list":["post-48","page","type-page","status-publish","hentry"],"_links":{"self":[{"href":"https:\/\/abel-grenac.hr\/si\/wp-json\/wp\/v2\/pages\/48","targetHints":{"allow":["GET"]}}],"collection":[{"href":"https:\/\/abel-grenac.hr\/si\/wp-json\/wp\/v2\/pages"}],"about":[{"href":"https:\/\/abel-grenac.hr\/si\/wp-json\/wp\/v2\/types\/page"}],"author":[{"embeddable":true,"href":"https:\/\/abel-grenac.hr\/si\/wp-json\/wp\/v2\/users\/1"}],"replies":[{"embeddable":true,"href":"https:\/\/abel-grenac.hr\/si\/wp-json\/wp\/v2\/comments?post=48"}],"version-history":[{"count":1,"href":"https:\/\/abel-grenac.hr\/si\/wp-json\/wp\/v2\/pages\/48\/revisions"}],"predecessor-version":[{"id":60,"href":"https:\/\/abel-grenac.hr\/si\/wp-json\/wp\/v2\/pages\/48\/revisions\/60"}],"wp:attachment":[{"href":"https:\/\/abel-grenac.hr\/si\/wp-json\/wp\/v2\/media?parent=48"}],"curies":[{"name":"wp","href":"https:\/\/api.w.org\/{rel}","templated":true}]}}