{"id":19,"date":"2014-07-08T10:28:55","date_gmt":"2014-07-08T10:28:55","guid":{"rendered":"http:\/\/abel-grenac.hr\/?page_id=19"},"modified":"2022-02-21T20:52:17","modified_gmt":"2022-02-21T19:52:17","slug":"kje-smo","status":"publish","type":"page","link":"https:\/\/abel-grenac.hr\/si\/kje-smo\/","title":{"rendered":"Kje smo?"},"content":{"rendered":"\n<figure class=\"wp-block-image size-full\"><img loading=\"lazy\" decoding=\"async\" width=\"844\" height=\"844\" src=\"http:\/\/abel-grenac.hr\/si\/wp-content\/uploads\/sites\/5\/2022\/02\/karta-lokacije.png\" alt=\"\" class=\"wp-image-61\" srcset=\"https:\/\/abel-grenac.hr\/si\/wp-content\/uploads\/sites\/5\/2022\/02\/karta-lokacije.png 844w, https:\/\/abel-grenac.hr\/si\/wp-content\/uploads\/sites\/5\/2022\/02\/karta-lokacije-300x300.png 300w, https:\/\/abel-grenac.hr\/si\/wp-content\/uploads\/sites\/5\/2022\/02\/karta-lokacije-150x150.png 150w, https:\/\/abel-grenac.hr\/si\/wp-content\/uploads\/sites\/5\/2022\/02\/karta-lokacije-768x768.png 768w, https:\/\/abel-grenac.hr\/si\/wp-content\/uploads\/sites\/5\/2022\/02\/karta-lokacije-624x624.png 624w\" sizes=\"auto, (max-width: 844px) 100vw, 844px\" \/><\/figure>\n\n\n\n<p><strong>Adresa:<\/strong><br>Abel &amp; Grenac, odvjetni\u010dko dru\u0161tvo d.o.o.<br>Kralja Dr\u017eislava 4,<br>10000 Zagreb<\/p>\n\n\n\n<p><\/p>\n","protected":false},"excerpt":{"rendered":"<p>Adresa:Abel &amp; Grenac, odvjetni\u010dko dru\u0161tvo d.o.o.Kralja Dr\u017eislava 4,10000 Zagreb<\/p>\n","protected":false},"author":1,"featured_media":0,"parent":0,"menu_order":50,"comment_status":"closed","ping_status":"closed","template":"","meta":{"inline_featured_image":false,"footnotes":""},"class_list":["post-19","page","type-page","status-publish","hentry"],"_links":{"self":[{"href":"https:\/\/abel-grenac.hr\/si\/wp-json\/wp\/v2\/pages\/19","targetHints":{"allow":["GET"]}}],"collection":[{"href":"https:\/\/abel-grenac.hr\/si\/wp-json\/wp\/v2\/pages"}],"about":[{"href":"https:\/\/abel-grenac.hr\/si\/wp-json\/wp\/v2\/types\/page"}],"author":[{"embeddable":true,"href":"https:\/\/abel-grenac.hr\/si\/wp-json\/wp\/v2\/users\/1"}],"replies":[{"embeddable":true,"href":"https:\/\/abel-grenac.hr\/si\/wp-json\/wp\/v2\/comments?post=19"}],"version-history":[{"count":2,"href":"https:\/\/abel-grenac.hr\/si\/wp-json\/wp\/v2\/pages\/19\/revisions"}],"predecessor-version":[{"id":62,"href":"https:\/\/abel-grenac.hr\/si\/wp-json\/wp\/v2\/pages\/19\/revisions\/62"}],"wp:attachment":[{"href":"https:\/\/abel-grenac.hr\/si\/wp-json\/wp\/v2\/media?parent=19"}],"curies":[{"name":"wp","href":"https:\/\/api.w.org\/{rel}","templated":true}]}}