{"id":18,"date":"2014-07-08T10:00:44","date_gmt":"2014-07-08T10:00:44","guid":{"rendered":"http:\/\/abel-grenac.hr\/?page_id=15"},"modified":"2014-07-08T10:00:44","modified_gmt":"2014-07-08T10:00:44","slug":"pripravniki","status":"publish","type":"page","link":"https:\/\/abel-grenac.hr\/si\/pripravniki\/","title":{"rendered":"Pripravniki"},"content":{"rendered":"<p><a href=\"http:\/\/abel-grenac.hr\/wp-content\/uploads\/2014\/07\/interieur2.jpg\"><img loading=\"lazy\" decoding=\"async\" class=\"alignright size-full wp-image-16\" src=\"http:\/\/abel-grenac.hr\/wp-content\/uploads\/2014\/07\/interieur2.jpg\" alt=\"interieur2\" width=\"320\" height=\"399\" \/><\/a>\u010ce \u017eelite delati v Odvetni\u0161ki dru\u017ebi Abel &amp; Grenac ter k tem izpolnjujete vse nadaljnje pogoje:<\/p>\n<ul type=\"disc\">\n<li>odgovorna ste in pridna oseba,<\/li>\n<li>spodobnega in dostojnega ravnanja,<\/li>\n<li>aktivno govorite italijanski jezik,<\/li>\n<li>aktivno govorite angle\u0161ki jezik,<\/li>\n<li>mogo\u010de govorite tudi nem\u0161ki jezik,<\/li>\n<li>dobro poznate delo na ra\u010dunalniku<\/li>\n<\/ul>\n<p>lahko svoje zaprosilo s podrobnim \u017eivljenjepisom, <strong>po razpisanem oglasu<\/strong> za pripravni\u0161ko delo, posredujete na elektronski naslov info@abel-grenac.hr<\/p>\n","protected":false},"excerpt":{"rendered":"<p>\u010ce \u017eelite delati v Odvetni\u0161ki dru\u017ebi Abel &amp; Grenac ter k tem izpolnjujete vse nadaljnje pogoje: odgovorna ste in pridna oseba, spodobnega in dostojnega ravnanja, aktivno govorite italijanski jezik, aktivno govorite angle\u0161ki jezik, mogo\u010de govorite tudi nem\u0161ki jezik, dobro poznate delo na ra\u010dunalniku lahko svoje zaprosilo s podrobnim \u017eivljenjepisom, po razpisanem oglasu za pripravni\u0161ko delo, [&hellip;]<\/p>\n","protected":false},"author":1,"featured_media":0,"parent":0,"menu_order":40,"comment_status":"closed","ping_status":"closed","template":"","meta":{"inline_featured_image":false,"footnotes":""},"class_list":["post-18","page","type-page","status-publish","hentry"],"_links":{"self":[{"href":"https:\/\/abel-grenac.hr\/si\/wp-json\/wp\/v2\/pages\/18","targetHints":{"allow":["GET"]}}],"collection":[{"href":"https:\/\/abel-grenac.hr\/si\/wp-json\/wp\/v2\/pages"}],"about":[{"href":"https:\/\/abel-grenac.hr\/si\/wp-json\/wp\/v2\/types\/page"}],"author":[{"embeddable":true,"href":"https:\/\/abel-grenac.hr\/si\/wp-json\/wp\/v2\/users\/1"}],"replies":[{"embeddable":true,"href":"https:\/\/abel-grenac.hr\/si\/wp-json\/wp\/v2\/comments?post=18"}],"version-history":[{"count":0,"href":"https:\/\/abel-grenac.hr\/si\/wp-json\/wp\/v2\/pages\/18\/revisions"}],"wp:attachment":[{"href":"https:\/\/abel-grenac.hr\/si\/wp-json\/wp\/v2\/media?parent=18"}],"curies":[{"name":"wp","href":"https:\/\/api.w.org\/{rel}","templated":true}]}}