{"id":13,"date":"2014-07-08T09:45:01","date_gmt":"2014-07-08T09:45:01","guid":{"rendered":"http:\/\/abel-grenac.hr\/?page_id=12"},"modified":"2014-07-08T09:45:01","modified_gmt":"2014-07-08T09:45:01","slug":"stranke","status":"publish","type":"page","link":"https:\/\/abel-grenac.hr\/si\/stranke\/","title":{"rendered":"Stranke"},"content":{"rendered":"<p>Odvetni\u0161ka dru\u017eba Abel &amp; Grenac je usmerjena na tuje in doma\u010de investitorje, kot so banke, telekom operaterji, dru\u017ebe iz hotelskega, turisti\u010dnega in industrijskega podro\u010dja ter jim ponuja celotno pravno pomo\u010d.<\/p>\n<p><a href=\"http:\/\/abel-grenac.hr\/wp-content\/uploads\/2014\/07\/abel-grenac-low-firm-interieur.jpg\"><img loading=\"lazy\" decoding=\"async\" class=\"alignnone size-full wp-image-13\" src=\"http:\/\/abel-grenac.hr\/wp-content\/uploads\/2014\/07\/abel-grenac-low-firm-interieur.jpg\" alt=\"abel-grenac-low-firm-interieur\" width=\"600\" height=\"435\" \/><\/a><\/p>\n","protected":false},"excerpt":{"rendered":"<p>Odvetni\u0161ka dru\u017eba Abel &amp; Grenac je usmerjena na tuje in doma\u010de investitorje, kot so banke, telekom operaterji, dru\u017ebe iz hotelskega, turisti\u010dnega in industrijskega podro\u010dja ter jim ponuja celotno pravno pomo\u010d.<\/p>\n","protected":false},"author":1,"featured_media":0,"parent":0,"menu_order":30,"comment_status":"closed","ping_status":"closed","template":"","meta":{"inline_featured_image":false,"footnotes":""},"class_list":["post-13","page","type-page","status-publish","hentry"],"_links":{"self":[{"href":"https:\/\/abel-grenac.hr\/si\/wp-json\/wp\/v2\/pages\/13","targetHints":{"allow":["GET"]}}],"collection":[{"href":"https:\/\/abel-grenac.hr\/si\/wp-json\/wp\/v2\/pages"}],"about":[{"href":"https:\/\/abel-grenac.hr\/si\/wp-json\/wp\/v2\/types\/page"}],"author":[{"embeddable":true,"href":"https:\/\/abel-grenac.hr\/si\/wp-json\/wp\/v2\/users\/1"}],"replies":[{"embeddable":true,"href":"https:\/\/abel-grenac.hr\/si\/wp-json\/wp\/v2\/comments?post=13"}],"version-history":[{"count":0,"href":"https:\/\/abel-grenac.hr\/si\/wp-json\/wp\/v2\/pages\/13\/revisions"}],"wp:attachment":[{"href":"https:\/\/abel-grenac.hr\/si\/wp-json\/wp\/v2\/media?parent=13"}],"curies":[{"name":"wp","href":"https:\/\/api.w.org\/{rel}","templated":true}]}}