{"id":12,"date":"2014-07-08T09:35:57","date_gmt":"2014-07-08T09:35:57","guid":{"rendered":"http:\/\/abel-grenac.hr\/?page_id=4"},"modified":"2022-02-21T20:30:59","modified_gmt":"2022-02-21T19:30:59","slug":"odvjetnici","status":"publish","type":"page","link":"https:\/\/abel-grenac.hr\/si\/odvjetnici\/","title":{"rendered":"Odvetniki"},"content":{"rendered":"<p><b><a href=\"http:\/\/abel-grenac.hr\/wp-content\/uploads\/2014\/07\/interieur3.jpg\"><img loading=\"lazy\" decoding=\"async\" class=\"alignright size-full wp-image-5\" src=\"http:\/\/abel-grenac.hr\/wp-content\/uploads\/2014\/07\/interieur3.jpg\" alt=\"interieur3\" width=\"320\" height=\"491\" \/><\/a><\/b><strong>Tamara Abel,<\/strong> rojena leta 1963 v Zagrebu, odvetnica od leta 1991.<\/p>\n<p><strong>Hrvoje Grenac,<\/strong> rojen leta 1966 v Zagrebu, odvetnik od leta 1998, sodni tolma\u010d za italijanski jezik.<\/p>\n<p>Odvetniki dru\u017ebe Abel &amp; Grenac govorijo angle\u0161ki, italijanski, nem\u0161ki ter slovenski jezik.<\/p>\n<p>Odvetni\u0161ka dru\u017eba ponuja celotno storitev v zvezi utemeljitve, za\u010dasnega sede\u017ea ter upravljanja z gospodarsko dru\u017ebo ter pri pravnem skrbnem pregledu.<\/p>\n<p>Odvetni\u0161ka dru\u017eba za svoje stranke pridobi vse pomembne ter ustrezne pravne informacije v zvezi investiranja na Hrva\u0161kem.<\/p>\n<p>Odvetniki dru\u017ebe Abel &amp; Grenac so sodelovali na \u0161tevilnih profesionalnih seminarjih in konferencah, med katerimi o varnosti transakcijah, o gospodarski arbitra\u017ei, o sedanjem in bodo\u010dem delovanju UNCITRAL mednarodne trgovske arbitra\u017ee, o korporacijskem\u00a0 obdav\u010devanju v Italiji, Avstriji in Nem\u010diji.<\/p>\n","protected":false},"excerpt":{"rendered":"<p>Tamara Abel, rojena leta 1963 v Zagrebu, odvetnica od leta 1991. Hrvoje Grenac, rojen leta 1966 v Zagrebu, odvetnik od leta 1998, sodni tolma\u010d za italijanski jezik. Odvetniki dru\u017ebe Abel &amp; Grenac govorijo angle\u0161ki, italijanski, nem\u0161ki ter slovenski jezik. Odvetni\u0161ka dru\u017eba ponuja celotno storitev v zvezi utemeljitve, za\u010dasnega sede\u017ea ter upravljanja z gospodarsko dru\u017ebo ter [&hellip;]<\/p>\n","protected":false},"author":1,"featured_media":0,"parent":0,"menu_order":20,"comment_status":"open","ping_status":"open","template":"odvjetnici.php","meta":{"inline_featured_image":false,"footnotes":""},"class_list":["post-12","page","type-page","status-publish","hentry"],"_links":{"self":[{"href":"https:\/\/abel-grenac.hr\/si\/wp-json\/wp\/v2\/pages\/12","targetHints":{"allow":["GET"]}}],"collection":[{"href":"https:\/\/abel-grenac.hr\/si\/wp-json\/wp\/v2\/pages"}],"about":[{"href":"https:\/\/abel-grenac.hr\/si\/wp-json\/wp\/v2\/types\/page"}],"author":[{"embeddable":true,"href":"https:\/\/abel-grenac.hr\/si\/wp-json\/wp\/v2\/users\/1"}],"replies":[{"embeddable":true,"href":"https:\/\/abel-grenac.hr\/si\/wp-json\/wp\/v2\/comments?post=12"}],"version-history":[{"count":2,"href":"https:\/\/abel-grenac.hr\/si\/wp-json\/wp\/v2\/pages\/12\/revisions"}],"predecessor-version":[{"id":58,"href":"https:\/\/abel-grenac.hr\/si\/wp-json\/wp\/v2\/pages\/12\/revisions\/58"}],"wp:attachment":[{"href":"https:\/\/abel-grenac.hr\/si\/wp-json\/wp\/v2\/media?parent=12"}],"curies":[{"name":"wp","href":"https:\/\/api.w.org\/{rel}","templated":true}]}}