{"id":11,"date":"2014-07-07T08:06:45","date_gmt":"2014-07-07T08:06:45","guid":{"rendered":"http:\/\/abel-grenac.hr\/?page_id=2"},"modified":"2020-11-18T20:18:58","modified_gmt":"2020-11-18T19:18:58","slug":"o-odvetniski-druzbi","status":"publish","type":"page","link":"https:\/\/abel-grenac.hr\/si\/o-odvetniski-druzbi\/","title":{"rendered":"O odvetni\u0161ki dru\u017ebi"},"content":{"rendered":"<p><a href=\"http:\/\/abel-grenac.hr\/wp-content\/uploads\/2014\/07\/interieur-conference2.jpg\"><img loading=\"lazy\" decoding=\"async\" class=\"alignnone wp-image-8 size-full\" src=\"http:\/\/abel-grenac.hr\/wp-content\/uploads\/2014\/07\/interieur-conference2.jpg\" alt=\"interieur-conference2\" width=\"600\" height=\"300\" \/><\/a><\/p>\n<p>Odvetni\u0161ka dru\u017eba Abel &amp; Grenac je utemeljena leta 2000 kot javna gospodarska dru\u017eba, ki je nastala iz partnerske skupne odvetni\u0161ke pisarne odvetnice Tamare Abel in odvetnika Hrvoja Grenca, \u010dlana Hrva\u0161ke odvetni\u0161ke zbornice od leta 1991 in leta 1998.<\/p>\n<p>Odvetnica Tamara Abel je gotovo v celoti usmerila svoje profesionalno delo na zadeve s podro\u010dja civilnega prava in zasebnimi strankami, odvetnik Hrvoje Grenac pa je bolj usmerjen na podro\u010dje gospodarskega prava, prava gospodarskih dru\u017eb, dav\u010dnega prava ter prava, ki se nana\u0161a na investiranje tujcev v Republiki Hrva\u0161ki.<\/p>\n<blockquote><p>Osnovno na\u010delo dela odvetni\u0161ke dru\u017ebe je, vedno in predvsem, interes strank, striktno spo\u0161tovanje kodeksa profesionalne etike in deontologije. Ve\u010dinoma so stranke odvetni\u0161ke dru\u017ebe Abel &amp; Grenac prav tuje gospodarske dru\u017ebe ter se odvetniki dru\u017ebe zavedajo, da so u\u010dinkovito in hitro re\u0161evanje sporov, izogibanje, razen v skrajnjih primerih, sodnih postopkov, tudi osnovni interes strank.<\/p><\/blockquote>\n","protected":false},"excerpt":{"rendered":"<p>Odvetni\u0161ka dru\u017eba Abel &amp; Grenac je utemeljena leta 2000 kot javna gospodarska dru\u017eba, ki je nastala iz partnerske skupne odvetni\u0161ke pisarne odvetnice Tamare Abel in odvetnika Hrvoja Grenca, \u010dlana Hrva\u0161ke odvetni\u0161ke zbornice od leta 1991 in leta 1998. Odvetnica Tamara Abel je gotovo v celoti usmerila svoje profesionalno delo na zadeve s podro\u010dja civilnega prava [&hellip;]<\/p>\n","protected":false},"author":1,"featured_media":0,"parent":0,"menu_order":1,"comment_status":"closed","ping_status":"closed","template":"","meta":{"inline_featured_image":false,"footnotes":""},"class_list":["post-11","page","type-page","status-publish","hentry"],"_links":{"self":[{"href":"https:\/\/abel-grenac.hr\/si\/wp-json\/wp\/v2\/pages\/11","targetHints":{"allow":["GET"]}}],"collection":[{"href":"https:\/\/abel-grenac.hr\/si\/wp-json\/wp\/v2\/pages"}],"about":[{"href":"https:\/\/abel-grenac.hr\/si\/wp-json\/wp\/v2\/types\/page"}],"author":[{"embeddable":true,"href":"https:\/\/abel-grenac.hr\/si\/wp-json\/wp\/v2\/users\/1"}],"replies":[{"embeddable":true,"href":"https:\/\/abel-grenac.hr\/si\/wp-json\/wp\/v2\/comments?post=11"}],"version-history":[{"count":1,"href":"https:\/\/abel-grenac.hr\/si\/wp-json\/wp\/v2\/pages\/11\/revisions"}],"predecessor-version":[{"id":56,"href":"https:\/\/abel-grenac.hr\/si\/wp-json\/wp\/v2\/pages\/11\/revisions\/56"}],"wp:attachment":[{"href":"https:\/\/abel-grenac.hr\/si\/wp-json\/wp\/v2\/media?parent=11"}],"curies":[{"name":"wp","href":"https:\/\/api.w.org\/{rel}","templated":true}]}}