{"id":24,"date":"2014-08-12T14:43:43","date_gmt":"2014-08-12T14:43:43","guid":{"rendered":"http:\/\/abel-grenac.hr\/it\/?page_id=24"},"modified":"2022-02-21T20:47:47","modified_gmt":"2022-02-21T19:47:47","slug":"24-2","status":"publish","type":"page","link":"https:\/\/abel-grenac.hr\/it\/24-2\/","title":{"rendered":"Come trovarci?"},"content":{"rendered":"\n<h2 class=\"wp-block-heading\" id=\"indirizzo\">Indirizzo<strong>:<\/strong><\/h2>\n\n\n\n<figure class=\"wp-block-image size-full\"><img loading=\"lazy\" decoding=\"async\" width=\"844\" height=\"844\" src=\"http:\/\/abel-grenac.hr\/it\/wp-content\/uploads\/sites\/2\/2022\/02\/karta-lokacije.png\" alt=\"\" class=\"wp-image-59\" srcset=\"https:\/\/abel-grenac.hr\/it\/wp-content\/uploads\/sites\/2\/2022\/02\/karta-lokacije.png 844w, https:\/\/abel-grenac.hr\/it\/wp-content\/uploads\/sites\/2\/2022\/02\/karta-lokacije-300x300.png 300w, https:\/\/abel-grenac.hr\/it\/wp-content\/uploads\/sites\/2\/2022\/02\/karta-lokacije-150x150.png 150w, https:\/\/abel-grenac.hr\/it\/wp-content\/uploads\/sites\/2\/2022\/02\/karta-lokacije-768x768.png 768w, https:\/\/abel-grenac.hr\/it\/wp-content\/uploads\/sites\/2\/2022\/02\/karta-lokacije-624x624.png 624w\" sizes=\"auto, (max-width: 844px) 100vw, 844px\" \/><\/figure>\n\n\n\n<p>Abel &amp; Grenac, odvjetni\u010dko dru\u0161tvo<br>Kralja Dr\u017eislava 4,<br>10000 Zagabria<br>Croazia<\/p>\n","protected":false},"excerpt":{"rendered":"<p>Indirizzo: Abel &amp; Grenac, odvjetni\u010dko dru\u0161tvoKralja Dr\u017eislava 4,10000 ZagabriaCroazia<\/p>\n","protected":false},"author":1,"featured_media":0,"parent":0,"menu_order":50,"comment_status":"closed","ping_status":"closed","template":"","meta":{"inline_featured_image":false,"footnotes":""},"class_list":["post-24","page","type-page","status-publish","hentry"],"_links":{"self":[{"href":"https:\/\/abel-grenac.hr\/it\/wp-json\/wp\/v2\/pages\/24","targetHints":{"allow":["GET"]}}],"collection":[{"href":"https:\/\/abel-grenac.hr\/it\/wp-json\/wp\/v2\/pages"}],"about":[{"href":"https:\/\/abel-grenac.hr\/it\/wp-json\/wp\/v2\/types\/page"}],"author":[{"embeddable":true,"href":"https:\/\/abel-grenac.hr\/it\/wp-json\/wp\/v2\/users\/1"}],"replies":[{"embeddable":true,"href":"https:\/\/abel-grenac.hr\/it\/wp-json\/wp\/v2\/comments?post=24"}],"version-history":[{"count":5,"href":"https:\/\/abel-grenac.hr\/it\/wp-json\/wp\/v2\/pages\/24\/revisions"}],"predecessor-version":[{"id":61,"href":"https:\/\/abel-grenac.hr\/it\/wp-json\/wp\/v2\/pages\/24\/revisions\/61"}],"wp:attachment":[{"href":"https:\/\/abel-grenac.hr\/it\/wp-json\/wp\/v2\/media?parent=24"}],"curies":[{"name":"wp","href":"https:\/\/api.w.org\/{rel}","templated":true}]}}