{"id":14,"date":"2014-08-12T12:27:41","date_gmt":"2014-08-12T12:27:41","guid":{"rendered":"http:\/\/abel-grenac.hr\/it\/?page_id=13"},"modified":"2022-02-21T19:50:09","modified_gmt":"2022-02-21T18:50:09","slug":"chi-siamo","status":"publish","type":"page","link":"https:\/\/abel-grenac.hr\/it\/chi-siamo\/","title":{"rendered":"Chi siamo"},"content":{"rendered":"<p><img loading=\"lazy\" decoding=\"async\" class=\"alignnone\" src=\"http:\/\/abel-grenac.hr\/wp-content\/uploads\/2014\/07\/interieur-conference2.jpg\" alt=\"\" width=\"600\" height=\"300\" \/><br \/>\nLa Societ\u00e0 legale Abel &amp; Grenac \u00e8 stata costituita nell\u2019anno 2000 come societ\u00e0 commerciale pubblica che traeva le proprie origini dallo studio legale associato di Tamara Abel e Hrvoje Grenac, membri dalla Camera degli avvocati della Croazia dal 1991 e 1998.<br \/>\nL\u2019attivit\u00e0 professionale dell\u2019avvocato Tamara Abel \u00e8 interamente dedicata al diritto civile e ai clienti privati, mentre l&#8217;avvocato Hrvoje Grenac si \u00e8 orientato verso il diritto commerciale, societario, tributario e verso gli aspetti legali degli investimenti internazionali nella Repubblica di Croazia.<br \/>\nIl principio fondamentale dell\u2019attivit\u00e0 societaria \u00e8 l&#8217;interesse del cliente accompagnato da un rigoroso rispetto del codice etico e deontologia professionale. Poich\u00e9 i clienti della Societ\u00e0 legale Abel &amp; Grenac sono maggiormente societ\u00e0 commerciali straniere, il nostro modo di procedere sottintende efficacia e velocit\u00e0 nonch\u00e9 l&#8217;evitare dei processi giudiziali, tranne i casi estremi, tenendo conto della protezione degli importanti interessi della clientela.<\/p>\n","protected":false},"excerpt":{"rendered":"<p>La Societ\u00e0 legale Abel &amp; Grenac \u00e8 stata costituita nell\u2019anno 2000 come societ\u00e0 commerciale pubblica che traeva le proprie origini dallo studio legale associato di Tamara Abel e Hrvoje Grenac, membri dalla Camera degli avvocati della Croazia dal 1991 e 1998. L\u2019attivit\u00e0 professionale dell\u2019avvocato Tamara Abel \u00e8 interamente dedicata al diritto civile e ai clienti [&hellip;]<\/p>\n","protected":false},"author":1,"featured_media":0,"parent":0,"menu_order":10,"comment_status":"closed","ping_status":"closed","template":"","meta":{"inline_featured_image":false,"footnotes":""},"class_list":["post-14","page","type-page","status-publish","hentry"],"_links":{"self":[{"href":"https:\/\/abel-grenac.hr\/it\/wp-json\/wp\/v2\/pages\/14","targetHints":{"allow":["GET"]}}],"collection":[{"href":"https:\/\/abel-grenac.hr\/it\/wp-json\/wp\/v2\/pages"}],"about":[{"href":"https:\/\/abel-grenac.hr\/it\/wp-json\/wp\/v2\/types\/page"}],"author":[{"embeddable":true,"href":"https:\/\/abel-grenac.hr\/it\/wp-json\/wp\/v2\/users\/1"}],"replies":[{"embeddable":true,"href":"https:\/\/abel-grenac.hr\/it\/wp-json\/wp\/v2\/comments?post=14"}],"version-history":[{"count":1,"href":"https:\/\/abel-grenac.hr\/it\/wp-json\/wp\/v2\/pages\/14\/revisions"}],"predecessor-version":[{"id":52,"href":"https:\/\/abel-grenac.hr\/it\/wp-json\/wp\/v2\/pages\/14\/revisions\/52"}],"wp:attachment":[{"href":"https:\/\/abel-grenac.hr\/it\/wp-json\/wp\/v2\/media?parent=14"}],"curies":[{"name":"wp","href":"https:\/\/api.w.org\/{rel}","templated":true}]}}