{"id":13,"date":"2014-08-12T12:26:19","date_gmt":"2014-08-12T12:26:19","guid":{"rendered":"http:\/\/abel-grenac.hr\/it\/?page_id=11"},"modified":"2022-02-21T19:51:10","modified_gmt":"2022-02-21T18:51:10","slug":"avvocati","status":"publish","type":"page","link":"https:\/\/abel-grenac.hr\/it\/avvocati\/","title":{"rendered":"Avvocati"},"content":{"rendered":"<p><strong><img loading=\"lazy\" decoding=\"async\" class=\"alignright\" src=\"http:\/\/abel-grenac.hr\/wp-content\/uploads\/2014\/07\/interieur3.jpg\" alt=\"\" width=\"320\" height=\"491\" \/>Tamara Abel<\/strong>, nata nel 1963 a Zagabria, esercita la professione di avvocato dal 1991<\/p>\n<p><strong>Hrvoje Grenac<\/strong>, nato nel 1966 a Zagabria, esercita la professione di avvocato dal 1998, \u00e8 inoltre interprete giurato per la lingua italiana<\/p>\n<p>Gli avvocati della Societ\u00e0 legale Abel &amp; Grenac parlano inglese, italiano, tedesco e sloveno.<\/p>\n<p>La Societ\u00e0 presta servizi integrati legati alla costituzione, sede provvisoria e gestione delle societ\u00e0 commerciali nonch\u00e9 alla due diligence legale.<\/p>\n<p>La Societ\u00e0 raccoglie tutte le informazioni legali rilevanti e opportune per i propri clienti, legate agli investimenti in Croazia.<\/p>\n<p>Gli avvocati della Societ\u00e0 legale Abel &amp; Grenac hanno partecipato a numerosi seminari e conferenze professionali in Italia, Austria e Germania, come per esempio quelle sulla garanzia delle transazioni, sull&#8217;arbitrato commerciale, sull&#8217;attuale e futura attivit\u00e0 dell&#8217;UNCITRAL, sull&#8217;arbitrato commerciale internazionale e sulla tassazione delle corporazioni.<\/p>\n","protected":false},"excerpt":{"rendered":"<p>Tamara Abel, nata nel 1963 a Zagabria, esercita la professione di avvocato dal 1991 Hrvoje Grenac, nato nel 1966 a Zagabria, esercita la professione di avvocato dal 1998, \u00e8 inoltre interprete giurato per la lingua italiana Gli avvocati della Societ\u00e0 legale Abel &amp; Grenac parlano inglese, italiano, tedesco e sloveno. La Societ\u00e0 presta servizi integrati [&hellip;]<\/p>\n","protected":false},"author":1,"featured_media":0,"parent":0,"menu_order":20,"comment_status":"open","ping_status":"open","template":"odvjetnici.php","meta":{"inline_featured_image":false,"footnotes":""},"class_list":["post-13","page","type-page","status-publish","hentry"],"_links":{"self":[{"href":"https:\/\/abel-grenac.hr\/it\/wp-json\/wp\/v2\/pages\/13","targetHints":{"allow":["GET"]}}],"collection":[{"href":"https:\/\/abel-grenac.hr\/it\/wp-json\/wp\/v2\/pages"}],"about":[{"href":"https:\/\/abel-grenac.hr\/it\/wp-json\/wp\/v2\/types\/page"}],"author":[{"embeddable":true,"href":"https:\/\/abel-grenac.hr\/it\/wp-json\/wp\/v2\/users\/1"}],"replies":[{"embeddable":true,"href":"https:\/\/abel-grenac.hr\/it\/wp-json\/wp\/v2\/comments?post=13"}],"version-history":[{"count":2,"href":"https:\/\/abel-grenac.hr\/it\/wp-json\/wp\/v2\/pages\/13\/revisions"}],"predecessor-version":[{"id":53,"href":"https:\/\/abel-grenac.hr\/it\/wp-json\/wp\/v2\/pages\/13\/revisions\/53"}],"wp:attachment":[{"href":"https:\/\/abel-grenac.hr\/it\/wp-json\/wp\/v2\/media?parent=13"}],"curies":[{"name":"wp","href":"https:\/\/api.w.org\/{rel}","templated":true}]}}