{"id":48,"date":"2014-08-12T16:11:02","date_gmt":"2014-08-12T16:11:02","guid":{"rendered":"http:\/\/abel-grenac.hr\/?page_id=48"},"modified":"2022-02-21T20:39:33","modified_gmt":"2022-02-21T19:39:33","slug":"kontakt","status":"publish","type":"page","link":"https:\/\/abel-grenac.hr\/en\/kontakt\/","title":{"rendered":"Contact"},"content":{"rendered":"<p>Abel&amp;Grenac<br \/>\nodvjetni\u010dko dru\u0161tvo<br \/>\nKralja Dr\u017eislava 4,<br \/>\n10000 Zagreb<br \/>\nPhone: +385 95 9014 082<br \/>\ne-mail: <a href=\"mailto:office@abel-grenac.hr\">office@abel-grenac.hr<\/a><br \/>\nwww.abel-grenac.hr<\/p>\n","protected":false},"excerpt":{"rendered":"<p>Abel&amp;Grenac odvjetni\u010dko dru\u0161tvo Kralja Dr\u017eislava 4, 10000 Zagreb Phone: +385 95 9014 082 e-mail: office@abel-grenac.hr www.abel-grenac.hr<\/p>\n","protected":false},"author":1,"featured_media":0,"parent":0,"menu_order":60,"comment_status":"closed","ping_status":"closed","template":"","meta":{"inline_featured_image":false,"footnotes":""},"class_list":["post-48","page","type-page","status-publish","hentry"],"_links":{"self":[{"href":"https:\/\/abel-grenac.hr\/en\/wp-json\/wp\/v2\/pages\/48","targetHints":{"allow":["GET"]}}],"collection":[{"href":"https:\/\/abel-grenac.hr\/en\/wp-json\/wp\/v2\/pages"}],"about":[{"href":"https:\/\/abel-grenac.hr\/en\/wp-json\/wp\/v2\/types\/page"}],"author":[{"embeddable":true,"href":"https:\/\/abel-grenac.hr\/en\/wp-json\/wp\/v2\/users\/1"}],"replies":[{"embeddable":true,"href":"https:\/\/abel-grenac.hr\/en\/wp-json\/wp\/v2\/comments?post=48"}],"version-history":[{"count":5,"href":"https:\/\/abel-grenac.hr\/en\/wp-json\/wp\/v2\/pages\/48\/revisions"}],"predecessor-version":[{"id":71,"href":"https:\/\/abel-grenac.hr\/en\/wp-json\/wp\/v2\/pages\/48\/revisions\/71"}],"wp:attachment":[{"href":"https:\/\/abel-grenac.hr\/en\/wp-json\/wp\/v2\/media?parent=48"}],"curies":[{"name":"wp","href":"https:\/\/api.w.org\/{rel}","templated":true}]}}