{"id":19,"date":"2014-07-08T10:28:55","date_gmt":"2014-07-08T10:28:55","guid":{"rendered":"http:\/\/abel-grenac.hr\/?page_id=19"},"modified":"2022-02-21T20:46:30","modified_gmt":"2022-02-21T19:46:30","slug":"where-we-are","status":"publish","type":"page","link":"https:\/\/abel-grenac.hr\/en\/where-we-are\/","title":{"rendered":"Where we are?"},"content":{"rendered":"\n<figure class=\"wp-block-image size-full\"><img loading=\"lazy\" decoding=\"async\" width=\"844\" height=\"844\" src=\"http:\/\/abel-grenac.hr\/en\/wp-content\/uploads\/sites\/3\/2022\/02\/karta-lokacije-1.png\" alt=\"\" class=\"wp-image-72\" srcset=\"https:\/\/abel-grenac.hr\/en\/wp-content\/uploads\/sites\/3\/2022\/02\/karta-lokacije-1.png 844w, https:\/\/abel-grenac.hr\/en\/wp-content\/uploads\/sites\/3\/2022\/02\/karta-lokacije-1-300x300.png 300w, https:\/\/abel-grenac.hr\/en\/wp-content\/uploads\/sites\/3\/2022\/02\/karta-lokacije-1-150x150.png 150w, https:\/\/abel-grenac.hr\/en\/wp-content\/uploads\/sites\/3\/2022\/02\/karta-lokacije-1-768x768.png 768w, https:\/\/abel-grenac.hr\/en\/wp-content\/uploads\/sites\/3\/2022\/02\/karta-lokacije-1-624x624.png 624w\" sizes=\"auto, (max-width: 844px) 100vw, 844px\" \/><\/figure>\n\n\n\n<p><strong>Address:<\/strong><br>Abel &amp; Grenac, odvjetni\u010dko dru\u0161tvo<br>Kralja Dr\u017eislava 4,<br>10000 Zagreb<br>Croatia<br><\/p>\n\n\n\n<p><\/p>\n","protected":false},"excerpt":{"rendered":"<p>Address:Abel &amp; Grenac, odvjetni\u010dko dru\u0161tvoKralja Dr\u017eislava 4,10000 ZagrebCroatia<\/p>\n","protected":false},"author":1,"featured_media":0,"parent":0,"menu_order":50,"comment_status":"closed","ping_status":"closed","template":"","meta":{"inline_featured_image":false,"footnotes":""},"class_list":["post-19","page","type-page","status-publish","hentry"],"_links":{"self":[{"href":"https:\/\/abel-grenac.hr\/en\/wp-json\/wp\/v2\/pages\/19","targetHints":{"allow":["GET"]}}],"collection":[{"href":"https:\/\/abel-grenac.hr\/en\/wp-json\/wp\/v2\/pages"}],"about":[{"href":"https:\/\/abel-grenac.hr\/en\/wp-json\/wp\/v2\/types\/page"}],"author":[{"embeddable":true,"href":"https:\/\/abel-grenac.hr\/en\/wp-json\/wp\/v2\/users\/1"}],"replies":[{"embeddable":true,"href":"https:\/\/abel-grenac.hr\/en\/wp-json\/wp\/v2\/comments?post=19"}],"version-history":[{"count":6,"href":"https:\/\/abel-grenac.hr\/en\/wp-json\/wp\/v2\/pages\/19\/revisions"}],"predecessor-version":[{"id":73,"href":"https:\/\/abel-grenac.hr\/en\/wp-json\/wp\/v2\/pages\/19\/revisions\/73"}],"wp:attachment":[{"href":"https:\/\/abel-grenac.hr\/en\/wp-json\/wp\/v2\/media?parent=19"}],"curies":[{"name":"wp","href":"https:\/\/api.w.org\/{rel}","templated":true}]}}