{"id":8,"date":"2014-07-08T09:35:57","date_gmt":"2014-07-08T09:35:57","guid":{"rendered":"http:\/\/abel-grenac.hr\/?page_id=4"},"modified":"2022-02-21T20:23:11","modified_gmt":"2022-02-21T19:23:11","slug":"rechtsanwalte","status":"publish","type":"page","link":"https:\/\/abel-grenac.hr\/de\/rechtsanwalte\/","title":{"rendered":"Anw\u00e4lte"},"content":{"rendered":"<p><b><a href=\"http:\/\/abel-grenac.hr\/wp-content\/uploads\/2014\/07\/interieur3.jpg\"><img loading=\"lazy\" decoding=\"async\" class=\"alignright size-full wp-image-5\" src=\"http:\/\/abel-grenac.hr\/wp-content\/uploads\/2014\/07\/interieur3.jpg\" alt=\"interieur3\" width=\"320\" height=\"491\" \/><\/a><\/b><strong>Tamara Abel,<\/strong> 1963 in Zagreb geboren, Rechtsanw\u00e4ltin seit 1991.<\/p>\n<p><strong>Hrvoje Grenac,<\/strong> 1966 in Zagreb geboren, Rechtsanwalt seit 1998, Gerichtsdolmetscher f\u00fcr die italienische Sprache.<\/p>\n<p>Die Rechtsanw\u00e4lte der Gesellschaft Abel &amp; Grenac sprechen Englisch, Italienisch, Deutsch und Slowenisch.<\/p>\n<p>Die Gesellschaft erbringt s\u00e4mtliche Dienstleistungen hinsichtlich der Gr\u00fcndung, des vorl\u00e4ufigen Sitzes und der F\u00fchrung von Handelsgesellschaften sowie bei <em>Due Diligence<\/em>.<\/p>\n<p>Die Gesellschaft verschafft ihren Klienten alle wichtigen und vorteilhaften rechtlichen Informationen bez\u00fcglich der Investierung in Kroatien.<\/p>\n<p>Die Rechtsanw\u00e4lte der Gesellschaft Abel &amp; Grenac nahmen an zahlreichen professionellen Seminaren und Konferenzen teil, beispielsweise zum Thema Sicherung von \u00dcberweisungen, Handelsschiedsgerichtsbarkeit, aktuelle und k\u00fcnftige T\u00e4tigkeit von UNCITRAL \u00fcber das internationale Handelsschiedsgerichtsbarkeit, Unternehmensbesteuerung in Italien, \u00d6sterreich und Deutschland.<\/p>\n","protected":false},"excerpt":{"rendered":"<p>Tamara Abel, 1963 in Zagreb geboren, Rechtsanw\u00e4ltin seit 1991. Hrvoje Grenac, 1966 in Zagreb geboren, Rechtsanwalt seit 1998, Gerichtsdolmetscher f\u00fcr die italienische Sprache. Die Rechtsanw\u00e4lte der Gesellschaft Abel &amp; Grenac sprechen Englisch, Italienisch, Deutsch und Slowenisch. Die Gesellschaft erbringt s\u00e4mtliche Dienstleistungen hinsichtlich der Gr\u00fcndung, des vorl\u00e4ufigen Sitzes und der F\u00fchrung von Handelsgesellschaften sowie bei Due [&hellip;]<\/p>\n","protected":false},"author":1,"featured_media":0,"parent":0,"menu_order":20,"comment_status":"open","ping_status":"open","template":"odvjetnici.php","meta":{"inline_featured_image":false,"footnotes":""},"class_list":["post-8","page","type-page","status-publish","hentry"],"_links":{"self":[{"href":"https:\/\/abel-grenac.hr\/de\/wp-json\/wp\/v2\/pages\/8","targetHints":{"allow":["GET"]}}],"collection":[{"href":"https:\/\/abel-grenac.hr\/de\/wp-json\/wp\/v2\/pages"}],"about":[{"href":"https:\/\/abel-grenac.hr\/de\/wp-json\/wp\/v2\/types\/page"}],"author":[{"embeddable":true,"href":"https:\/\/abel-grenac.hr\/de\/wp-json\/wp\/v2\/users\/1"}],"replies":[{"embeddable":true,"href":"https:\/\/abel-grenac.hr\/de\/wp-json\/wp\/v2\/comments?post=8"}],"version-history":[{"count":2,"href":"https:\/\/abel-grenac.hr\/de\/wp-json\/wp\/v2\/pages\/8\/revisions"}],"predecessor-version":[{"id":59,"href":"https:\/\/abel-grenac.hr\/de\/wp-json\/wp\/v2\/pages\/8\/revisions\/59"}],"wp:attachment":[{"href":"https:\/\/abel-grenac.hr\/de\/wp-json\/wp\/v2\/media?parent=8"}],"curies":[{"name":"wp","href":"https:\/\/api.w.org\/{rel}","templated":true}]}}