{"id":7,"date":"2014-07-07T08:06:45","date_gmt":"2014-07-07T08:06:45","guid":{"rendered":"http:\/\/abel-grenac.hr\/?page_id=2"},"modified":"2020-10-24T06:10:31","modified_gmt":"2020-10-24T04:10:31","slug":"uber-uns","status":"publish","type":"page","link":"https:\/\/abel-grenac.hr\/de\/uber-uns\/","title":{"rendered":"\u00dcber uns"},"content":{"rendered":"<p><a href=\"http:\/\/abel-grenac.hr\/wp-content\/uploads\/2014\/07\/interieur-conference2.jpg\"><img loading=\"lazy\" decoding=\"async\" class=\"alignnone wp-image-8 size-full\" src=\"http:\/\/abel-grenac.hr\/wp-content\/uploads\/2014\/07\/interieur-conference2.jpg\" alt=\"interieur-conference2\" width=\"600\" height=\"300\" \/><\/a><\/p>\n<p>Die Rechtsanwaltsgesellschaft Abel &amp; Grenac wurde im Jahr 2000 als \u00f6ffentliche Handelsgesellschaft gegr\u00fcndet, die aus der gemeinsamen Rechtsanwaltskanzlei der zwei Partner, der Rechtsanw\u00e4ltin Tamara Abel und des Rechtsanwaltes Hrvoje Grenac, \u00a0Mietglieder der Kroatischen Rechtsanwaltskammer seit 1991 und 1998, stammte.<\/p>\n<p>Die Rechtsanw\u00e4ltin Tamara Abel widmete ihre professionelle Arbeit fast zur G\u00e4nze dem Bereich Zivilrecht und privaten Klienten, w\u00e4hrend der Rechtsanwalt Hrvoje Grenac an den Bereichen Handels- und Gesellschaftsrecht, Steuerrecht und am mit Auslandsinvestitionen verbundenen Recht orientiert ist.<\/p>\n<blockquote><p>Schwerpunkt der T\u00e4tigkeit der Gesellschaft ist immer und vor allem das Interesse des Mandanten, unter strengen Einhaltung des professionellen Ethik- und Deontologie-Kodexes. Da die Mehrheit der Mandanten der Rechtsanwaltsgesellschaft Abel &amp; Grenac gerade ausl\u00e4ndische Handelsgesellschaften bilden, sind Effizienz und Geschwindigkeit, neben der Vermeidung von Gerichtsverfahren au\u00dfer in \u00e4u\u00dfersten F\u00e4llen, genau eines der Grundinteressen der Mandanten.<\/p><\/blockquote>\n<p>&nbsp;<\/p>\n","protected":false},"excerpt":{"rendered":"<p>Die Rechtsanwaltsgesellschaft Abel &amp; Grenac wurde im Jahr 2000 als \u00f6ffentliche Handelsgesellschaft gegr\u00fcndet, die aus der gemeinsamen Rechtsanwaltskanzlei der zwei Partner, der Rechtsanw\u00e4ltin Tamara Abel und des Rechtsanwaltes Hrvoje Grenac, \u00a0Mietglieder der Kroatischen Rechtsanwaltskammer seit 1991 und 1998, stammte. Die Rechtsanw\u00e4ltin Tamara Abel widmete ihre professionelle Arbeit fast zur G\u00e4nze dem Bereich Zivilrecht und privaten [&hellip;]<\/p>\n","protected":false},"author":1,"featured_media":0,"parent":0,"menu_order":1,"comment_status":"closed","ping_status":"closed","template":"","meta":{"inline_featured_image":false,"footnotes":""},"class_list":["post-7","page","type-page","status-publish","hentry"],"_links":{"self":[{"href":"https:\/\/abel-grenac.hr\/de\/wp-json\/wp\/v2\/pages\/7","targetHints":{"allow":["GET"]}}],"collection":[{"href":"https:\/\/abel-grenac.hr\/de\/wp-json\/wp\/v2\/pages"}],"about":[{"href":"https:\/\/abel-grenac.hr\/de\/wp-json\/wp\/v2\/types\/page"}],"author":[{"embeddable":true,"href":"https:\/\/abel-grenac.hr\/de\/wp-json\/wp\/v2\/users\/1"}],"replies":[{"embeddable":true,"href":"https:\/\/abel-grenac.hr\/de\/wp-json\/wp\/v2\/comments?post=7"}],"version-history":[{"count":1,"href":"https:\/\/abel-grenac.hr\/de\/wp-json\/wp\/v2\/pages\/7\/revisions"}],"predecessor-version":[{"id":56,"href":"https:\/\/abel-grenac.hr\/de\/wp-json\/wp\/v2\/pages\/7\/revisions\/56"}],"wp:attachment":[{"href":"https:\/\/abel-grenac.hr\/de\/wp-json\/wp\/v2\/media?parent=7"}],"curies":[{"name":"wp","href":"https:\/\/api.w.org\/{rel}","templated":true}]}}