{"id":18,"date":"2014-07-08T10:00:44","date_gmt":"2014-07-08T10:00:44","guid":{"rendered":"http:\/\/abel-grenac.hr\/?page_id=15"},"modified":"2014-07-08T10:00:44","modified_gmt":"2014-07-08T10:00:44","slug":"referendare","status":"publish","type":"page","link":"https:\/\/abel-grenac.hr\/de\/referendare\/","title":{"rendered":"Referendare"},"content":{"rendered":"<p><a href=\"http:\/\/abel-grenac.hr\/wp-content\/uploads\/2014\/07\/interieur2.jpg\"><img loading=\"lazy\" decoding=\"async\" class=\"alignright size-full wp-image-16\" src=\"http:\/\/abel-grenac.hr\/wp-content\/uploads\/2014\/07\/interieur2.jpg\" alt=\"interieur2\" width=\"320\" height=\"399\" \/><\/a>Falls Sie in der Rechtsanwaltsgesellschaft Abel &amp; Grenac arbeiten m\u00f6chten und dabei alle der unten genannten Voraussetzungen erf\u00fcllen:<\/p>\n<ul type=\"disc\">\n<li>Sie sind eine verantwortliche und flei\u00dfige Person,<\/li>\n<li>Sie verhalten sich h\u00f6flich und anst\u00e4ndig,<\/li>\n<li>Sie sprechen flie\u00dfend Italienisch,<\/li>\n<li>Sie sprechen flie\u00dfend Englisch,<\/li>\n<li>wenn m\u00f6glich sprechen Sie auch Deutsch,<\/li>\n<li>Sie verf\u00fcgen \u00fcber gute Computerkenntnisse,<\/li>\n<\/ul>\n<p>senden Sie bitte Ihre Bewerbung mit einem detaillierten Lebenslauf nach einer Stellenausschreibung f\u00fcr Referendare an folgende E-Mail-Adresse: info@abel-grenac.hr.<\/p>\n","protected":false},"excerpt":{"rendered":"<p>Falls Sie in der Rechtsanwaltsgesellschaft Abel &amp; Grenac arbeiten m\u00f6chten und dabei alle der unten genannten Voraussetzungen erf\u00fcllen: Sie sind eine verantwortliche und flei\u00dfige Person, Sie verhalten sich h\u00f6flich und anst\u00e4ndig, Sie sprechen flie\u00dfend Italienisch, Sie sprechen flie\u00dfend Englisch, wenn m\u00f6glich sprechen Sie auch Deutsch, Sie verf\u00fcgen \u00fcber gute Computerkenntnisse, senden Sie bitte Ihre Bewerbung [&hellip;]<\/p>\n","protected":false},"author":1,"featured_media":0,"parent":0,"menu_order":40,"comment_status":"closed","ping_status":"closed","template":"","meta":{"inline_featured_image":false,"footnotes":""},"class_list":["post-18","page","type-page","status-publish","hentry"],"_links":{"self":[{"href":"https:\/\/abel-grenac.hr\/de\/wp-json\/wp\/v2\/pages\/18","targetHints":{"allow":["GET"]}}],"collection":[{"href":"https:\/\/abel-grenac.hr\/de\/wp-json\/wp\/v2\/pages"}],"about":[{"href":"https:\/\/abel-grenac.hr\/de\/wp-json\/wp\/v2\/types\/page"}],"author":[{"embeddable":true,"href":"https:\/\/abel-grenac.hr\/de\/wp-json\/wp\/v2\/users\/1"}],"replies":[{"embeddable":true,"href":"https:\/\/abel-grenac.hr\/de\/wp-json\/wp\/v2\/comments?post=18"}],"version-history":[{"count":0,"href":"https:\/\/abel-grenac.hr\/de\/wp-json\/wp\/v2\/pages\/18\/revisions"}],"wp:attachment":[{"href":"https:\/\/abel-grenac.hr\/de\/wp-json\/wp\/v2\/media?parent=18"}],"curies":[{"name":"wp","href":"https:\/\/api.w.org\/{rel}","templated":true}]}}